{"id":142,"date":"2023-07-21T23:20:24","date_gmt":"2023-07-21T21:20:24","guid":{"rendered":"http:\/\/twojarehabilitacja.com\/?page_id=142"},"modified":"2026-03-02T12:33:54","modified_gmt":"2026-03-02T11:33:54","slug":"fizjoterapeuci","status":"publish","type":"page","link":"https:\/\/twojarehabilitacja.com\/index.php\/fizjoterapeuci\/","title":{"rendered":"Fizjoterapeutki"},"content":{"rendered":"\n<p><\/p>\n\n\n\n<p>mgr Ma\u0142gorzata Weso\u0142a<\/p>\n\n\n\n<figure class=\"wp-block-image size-large\"><img decoding=\"async\" loading=\"lazy\" width=\"683\" height=\"1024\" src=\"http:\/\/twojarehabilitacja.com\/wp-content\/uploads\/2026\/03\/Twojafizjoterapia11-683x1024.jpg\" alt=\"\" class=\"wp-image-202\" srcset=\"https:\/\/twojarehabilitacja.com\/wp-content\/uploads\/2026\/03\/Twojafizjoterapia11-683x1024.jpg 683w, https:\/\/twojarehabilitacja.com\/wp-content\/uploads\/2026\/03\/Twojafizjoterapia11-200x300.jpg 200w, https:\/\/twojarehabilitacja.com\/wp-content\/uploads\/2026\/03\/Twojafizjoterapia11-768x1152.jpg 768w, https:\/\/twojarehabilitacja.com\/wp-content\/uploads\/2026\/03\/Twojafizjoterapia11-1024x1536.jpg 1024w, https:\/\/twojarehabilitacja.com\/wp-content\/uploads\/2026\/03\/Twojafizjoterapia11-1365x2048.jpg 1365w, https:\/\/twojarehabilitacja.com\/wp-content\/uploads\/2026\/03\/Twojafizjoterapia11-scaled.jpg 1707w\" sizes=\"(max-width: 683px) 100vw, 683px\" \/><\/figure>\n\n\n\n<p>mgr Kinga Trukawka<\/p>\n\n\n\n<figure class=\"wp-block-image size-large is-resized\"><img decoding=\"async\" loading=\"lazy\" src=\"http:\/\/twojarehabilitacja.com\/wp-content\/uploads\/2026\/03\/Twojafizjoterapia8-683x1024.jpg\" alt=\"\" class=\"wp-image-218\" width=\"307\" height=\"460\" srcset=\"https:\/\/twojarehabilitacja.com\/wp-content\/uploads\/2026\/03\/Twojafizjoterapia8-683x1024.jpg 683w, https:\/\/twojarehabilitacja.com\/wp-content\/uploads\/2026\/03\/Twojafizjoterapia8-200x300.jpg 200w, https:\/\/twojarehabilitacja.com\/wp-content\/uploads\/2026\/03\/Twojafizjoterapia8-768x1152.jpg 768w, https:\/\/twojarehabilitacja.com\/wp-content\/uploads\/2026\/03\/Twojafizjoterapia8-1024x1536.jpg 1024w, https:\/\/twojarehabilitacja.com\/wp-content\/uploads\/2026\/03\/Twojafizjoterapia8-1365x2048.jpg 1365w, https:\/\/twojarehabilitacja.com\/wp-content\/uploads\/2026\/03\/Twojafizjoterapia8-scaled.jpg 1707w\" sizes=\"(max-width: 307px) 100vw, 307px\" \/><\/figure>\n\n\n\n<p>mgr Bianka Adranowska <\/p>\n\n\n\n<figure class=\"wp-block-gallery has-nested-images columns-default is-cropped wp-block-gallery-1 is-layout-flex\">\n<figure class=\"wp-block-image size-large\"><img decoding=\"async\" loading=\"lazy\" width=\"683\" height=\"1024\" data-id=\"219\"  src=\"http:\/\/twojarehabilitacja.com\/wp-content\/uploads\/2026\/03\/Twojafizjoterapia9-683x1024.jpg\" alt=\"\" class=\"wp-image-219\" srcset=\"https:\/\/twojarehabilitacja.com\/wp-content\/uploads\/2026\/03\/Twojafizjoterapia9-683x1024.jpg 683w, https:\/\/twojarehabilitacja.com\/wp-content\/uploads\/2026\/03\/Twojafizjoterapia9-200x300.jpg 200w, https:\/\/twojarehabilitacja.com\/wp-content\/uploads\/2026\/03\/Twojafizjoterapia9-768x1152.jpg 768w, https:\/\/twojarehabilitacja.com\/wp-content\/uploads\/2026\/03\/Twojafizjoterapia9-1024x1536.jpg 1024w, https:\/\/twojarehabilitacja.com\/wp-content\/uploads\/2026\/03\/Twojafizjoterapia9-1365x2048.jpg 1365w, https:\/\/twojarehabilitacja.com\/wp-content\/uploads\/2026\/03\/Twojafizjoterapia9-scaled.jpg 1707w\" sizes=\"(max-width: 683px) 100vw, 683px\" \/><\/figure>\n\n\n\n<figure class=\"wp-block-image size-large\"><img decoding=\"async\" loading=\"lazy\" width=\"683\" height=\"1024\" data-id=\"208\"  src=\"https:\/\/twojarehabilitacja.com\/wp-content\/uploads\/2026\/03\/Twojafizjoterapia22-683x1024.jpg\" alt=\"\" class=\"wp-image-208\" srcset=\"https:\/\/twojarehabilitacja.com\/wp-content\/uploads\/2026\/03\/Twojafizjoterapia22-683x1024.jpg 683w, https:\/\/twojarehabilitacja.com\/wp-content\/uploads\/2026\/03\/Twojafizjoterapia22-200x300.jpg 200w, https:\/\/twojarehabilitacja.com\/wp-content\/uploads\/2026\/03\/Twojafizjoterapia22-768x1152.jpg 768w, https:\/\/twojarehabilitacja.com\/wp-content\/uploads\/2026\/03\/Twojafizjoterapia22-1024x1536.jpg 1024w, https:\/\/twojarehabilitacja.com\/wp-content\/uploads\/2026\/03\/Twojafizjoterapia22-1365x2048.jpg 1365w, https:\/\/twojarehabilitacja.com\/wp-content\/uploads\/2026\/03\/Twojafizjoterapia22-scaled.jpg 1707w\" sizes=\"(max-width: 683px) 100vw, 683px\" \/><\/figure>\n<\/figure>\n\n\n\n<ul>\n<li>Jestem fizjoterapeutk\u0105 z kilkuletnim do\u015bwiadczeniem, magistrem fizjoterapii, absolwentk\u0105 uczelni w Szczecinie. Ka\u017cd\u0105 wsp\u00f3\u0142prac\u0119 rozpoczynam od rzetelnej diagnostyki \u2014 analizuj\u0119 nie tylko objawy, ale tak\u017ce styl \u017cycia, poziom stresu oraz codzienne nawyki, aby dotrze\u0107 do rzeczywistej przyczyny dolegliwo\u015bci.<\/li>\n\n\n\n<li>Pracuj\u0119 g\u0142\u00f3wnie z pacjentami z:<\/li>\n\n\n\n<li>b\u00f3lami kr\u0119gos\u0142upa, staw\u00f3w i mi\u0119\u015bni<\/li>\n\n\n\n<li>przeci\u0105\u017ceniami i urazami ortopedycznymi, w tym sportowymi<\/li>\n\n\n\n<li>przewlek\u0142ym napi\u0119ciem mi\u0119\u015bniowym i stresem, kt\u00f3ry wp\u0142ywa na cia\u0142o<\/li>\n\n\n\n<li>problemami ze stawami skroniowo-\u017cuchwowymi (SS\u017b) \u2013 b\u00f3lem szcz\u0119ki, klikanie, ograniczeniem ruchu, bruksizmem i napi\u0119ciem twarzy oraz karku<\/li>\n\n\n\n<li>Terapia jest zawsze dobierana indywidualnie i mo\u017ce obejmowa\u0107 m.in. terapi\u0119 manualn\u0105, terapi\u0119 tkanek mi\u0119kkich oraz masa\u017c tkanek g\u0142\u0119bokich. Uzupe\u0142nieniem s\u0105 proste \u0107wiczenia do samodzielnego wykonywania w domu, kt\u00f3re pomagaj\u0105 utrwali\u0107 efekty terapii i zapobiega\u0107 nawrotom problemu.<\/li>\n\n\n\n<li>Szczeg\u00f3lnym obszarem mojej pracy jest terapia staw\u00f3w skroniowo-\u017cuchwowych \u2014 pomagam pacjentom z b\u00f3lami szcz\u0119ki, klikaniem, ograniczeniami ruchu oraz problemami zwi\u0105zanymi z leczeniem ortodontycznym i protetycznym. Pracuj\u0119 w spokojnej, bezpiecznej atmosferze, dbaj\u0105c o zaufanie, komfort pacjenta oraz mo\u017cliwie szybkie i trwa\u0142e efekty terapi<\/li>\n<\/ul>\n\n\n\n<p>mgr Klaudia Wrzesi\u0144ska <\/p>\n\n\n\n<figure class=\"wp-block-gallery has-nested-images columns-default is-cropped wp-block-gallery-3 is-layout-flex\">\n<figure class=\"wp-block-image size-large\"><img decoding=\"async\" loading=\"lazy\" width=\"683\" height=\"1024\" data-id=\"206\"  src=\"http:\/\/twojarehabilitacja.com\/wp-content\/uploads\/2026\/03\/Twojafizjoterapia19-683x1024.jpg\" alt=\"\" class=\"wp-image-206\" srcset=\"https:\/\/twojarehabilitacja.com\/wp-content\/uploads\/2026\/03\/Twojafizjoterapia19-683x1024.jpg 683w, https:\/\/twojarehabilitacja.com\/wp-content\/uploads\/2026\/03\/Twojafizjoterapia19-200x300.jpg 200w, https:\/\/twojarehabilitacja.com\/wp-content\/uploads\/2026\/03\/Twojafizjoterapia19-768x1152.jpg 768w, https:\/\/twojarehabilitacja.com\/wp-content\/uploads\/2026\/03\/Twojafizjoterapia19-1024x1536.jpg 1024w, https:\/\/twojarehabilitacja.com\/wp-content\/uploads\/2026\/03\/Twojafizjoterapia19-1365x2048.jpg 1365w, https:\/\/twojarehabilitacja.com\/wp-content\/uploads\/2026\/03\/Twojafizjoterapia19-scaled.jpg 1707w\" sizes=\"(max-width: 683px) 100vw, 683px\" \/><\/figure>\n\n\n\n<figure class=\"wp-block-image size-large\"><img decoding=\"async\" loading=\"lazy\" width=\"683\" height=\"1024\" data-id=\"210\"  src=\"http:\/\/twojarehabilitacja.com\/wp-content\/uploads\/2026\/03\/Twojafizjoterapia24-683x1024.jpg\" alt=\"\" class=\"wp-image-210\" srcset=\"https:\/\/twojarehabilitacja.com\/wp-content\/uploads\/2026\/03\/Twojafizjoterapia24-683x1024.jpg 683w, https:\/\/twojarehabilitacja.com\/wp-content\/uploads\/2026\/03\/Twojafizjoterapia24-200x300.jpg 200w, https:\/\/twojarehabilitacja.com\/wp-content\/uploads\/2026\/03\/Twojafizjoterapia24-768x1152.jpg 768w, https:\/\/twojarehabilitacja.com\/wp-content\/uploads\/2026\/03\/Twojafizjoterapia24-1024x1536.jpg 1024w, https:\/\/twojarehabilitacja.com\/wp-content\/uploads\/2026\/03\/Twojafizjoterapia24-1365x2048.jpg 1365w, https:\/\/twojarehabilitacja.com\/wp-content\/uploads\/2026\/03\/Twojafizjoterapia24-scaled.jpg 1707w\" sizes=\"(max-width: 683px) 100vw, 683px\" \/><\/figure>\n<\/figure>\n\n\n\n<blockquote class=\"wp-block-quote\">\n<ul>\n<li>Jestem dyplomowan\u0105 fizjoterapeutk\u0105 z tytu\u0142em magistra. W swojej pracy \u0142\u0105cz\u0119 rzeteln\u0105 diagnostyk\u0119, terapi\u0119 manualn\u0105 oraz indywidualnie dobrane \u0107wiczenia, aby nie tylko zmniejszy\u0107 b\u00f3l, ale przede wszystkim znale\u017a\u0107 i usun\u0105\u0107 jego przyczyn\u0119.Pracuj\u0119 z osobami zmagaj\u0105cymi si\u0119 z:-b\u00f3lami kr\u0119gos\u0142upa-dolegliwo\u015bciami bark\u00f3w, bioder, kolan i st\u00f3p,przeci\u0105\u017ceniami i urazami sportowymi,-napi\u0119ciem mi\u0119\u015bniowym, stresem i b\u00f3lem przewlek\u0142ym.Szczeg\u00f3ln\u0105 uwag\u0119 zwracam na \u015bwiadomo\u015b\u0107 cia\u0142a, jako\u015b\u0107 ruchu oraz reakcje uk\u0142adu nerwowego, poniewa\u017c wiem, \u017ce cia\u0142o i emocje s\u0105 ze sob\u0105 \u015bci\u015ble powi\u0105zane. Ka\u017cda wizyta poprzedzona jest dok\u0142adnym wywiadem i badaniem funkcjonalnym \u2013 nie pracuj\u0119 schematami.W gabinecie stawiam na:- poczucie bezpiecze\u0144stwa i komfortu,- uwa\u017cny kontakt z pacjentem,- spokojn\u0105, bezpieczn\u0105 terapi\u0119 dopasowan\u0105 do aktualnych mo\u017cliwo\u015bci organizmu.- Moim celem jest nie tylko ulga w b\u00f3lu, ale tak\u017ce lepsze rozumienie w\u0142asnego cia\u0142a i wi\u0119ksza sprawczo\u015b\u0107 pacjenta w procesie zdrowienia.Zapraszam osoby, kt\u00f3re szukaj\u0105 fizjoterapii opartej na wiedzy, uwa\u017cno\u015bci i realnej zmianie \u2728<\/li>\n<\/ul>\n<\/blockquote>\n","protected":false},"excerpt":{"rendered":"<p>mgr Ma\u0142gorzata Weso\u0142a mgr Kinga Trukawka mgr Bianka Adranowska mgr Klaudia Wrzesi\u0144ska<\/p>\n","protected":false},"author":1,"featured_media":0,"parent":0,"menu_order":0,"comment_status":"closed","ping_status":"closed","template":"","meta":[],"_links":{"self":[{"href":"https:\/\/twojarehabilitacja.com\/index.php\/wp-json\/wp\/v2\/pages\/142"}],"collection":[{"href":"https:\/\/twojarehabilitacja.com\/index.php\/wp-json\/wp\/v2\/pages"}],"about":[{"href":"https:\/\/twojarehabilitacja.com\/index.php\/wp-json\/wp\/v2\/types\/page"}],"author":[{"embeddable":true,"href":"https:\/\/twojarehabilitacja.com\/index.php\/wp-json\/wp\/v2\/users\/1"}],"replies":[{"embeddable":true,"href":"https:\/\/twojarehabilitacja.com\/index.php\/wp-json\/wp\/v2\/comments?post=142"}],"version-history":[{"count":14,"href":"https:\/\/twojarehabilitacja.com\/index.php\/wp-json\/wp\/v2\/pages\/142\/revisions"}],"predecessor-version":[{"id":226,"href":"https:\/\/twojarehabilitacja.com\/index.php\/wp-json\/wp\/v2\/pages\/142\/revisions\/226"}],"wp:attachment":[{"href":"https:\/\/twojarehabilitacja.com\/index.php\/wp-json\/wp\/v2\/media?parent=142"}],"curies":[{"name":"wp","href":"https:\/\/api.w.org\/{rel}","templated":true}]}}