{"id":60,"date":"2023-07-08T18:55:30","date_gmt":"2023-07-08T16:55:30","guid":{"rendered":"https:\/\/twojarehabilitacja.com\/?page_id=60"},"modified":"2026-02-06T14:50:16","modified_gmt":"2026-02-06T13:50:16","slug":"strona-glowna","status":"publish","type":"page","link":"https:\/\/twojarehabilitacja.com\/index.php\/strona-glowna\/","title":{"rendered":"Oferta"},"content":{"rendered":"\n<p>Gabinet Rehabilitacji oferuje<\/p>\n\n\n\n<p>      Do pa\u0144stwa dyspozycji jest gabinet w Szczecinie na ulicy Czorszty\u0144skiej 53. W gabinecie, s\u0105 po trzy pomieszczenia z wyposa\u017ceniem w zabiegi fizykoterapeutyczne, specjalistyczne sto\u0142y do terapii i masa\u017cu, oraz miejsce na \u0107wiczenia. Zapewniamy te\u017c odpowiedni\u0105 ilo\u015b\u0107 fizjoterapeut\u00f3w by pomoc by\u0142a jak najszybciej, czyli czas oczekiwania maksymalnie do 7dni dni.<br>      Nasz gabinet rehabilitacji zapewnia profesjonaln\u0105 pomoc w przywr\u00f3ceniu sprawno\u015bci ruchowej. Rehabilitacja odbywa si\u0119 indywidualnie z wykwalifikowanymi fizjoterapeutami, kt\u00f3rzy stosuj\u0105 skuteczne metody rehabilitacji, ni\u017cej wymienione. Pacjent w pierwszej kolejno\u015bci poddawany jest wnikliwej diagnostyce funkcjonalnej, wykorzystuj\u0105c potrzebne testy ruchowe. Rehabilitacja odbywa si\u0119 w przyjemnej atmosferze, dbamy te\u017c by pacjent regenerowa\u0142 si\u0119 nie tylko fizycznie ale r\u00f3wnie\u017c psychicznie. Pacjent podczas godzinnej wizyty ma zapewnione potrzebn\u0105 diagnostyk\u0119, zabiegi, terapi\u0119 i masa\u017c.<\/p>\n\n\n\n<p><br>Terapia manualna \u2013na tej metodzie przede wszystkim oparta jest nasza diagnostyka. Terapia wp\u0142ywa na zaburzone napi\u0119cie mi\u0119\u015bniowe, na ograniczon\u0105 ruchomo\u015b\u0107 w stawach, na z\u0142e ustawienia staw\u00f3w. Metoda ta wp\u0142ywa na zwi\u0119kszenie ruchomo\u015bci w stawach, uwolnienie zablokowanych staw\u00f3w, zwi\u0119kszenie ruchomo\u015bci i ukrwienia torebek stawowych, wi\u0119zade\u0142, usuwanie przykurcz\u00f3w, dzia\u0142anie przeciwb\u00f3lowe i przeciwzapalne.<br>PNF \u2013Techniki tej metody wykorzystuj\u0105 do terapii silne i zdrowe regiony cia\u0142a. Umo\u017cliwia to pe\u0142ne wykorzystanie rezerw tkwi\u0105cych w organizmie, motywuje do dalszego dzia\u0142ania, zapewnia bezbolesn\u0105 prac\u0119, wp\u0142ywa na aktywowanie mi\u0119\u015bni w prawid\u0142owym torze ruchu i w prawid\u0142owym ustawieniu.<br>Terapia punkt\u00f3w spustowych \u2013 Jest technik\u0105, kt\u00f3ra wykorzystuje r\u00f3\u017cne formy ucisku i ruch\u00f3w w r\u00f3\u017cnych kierunkach we wra\u017cliwych miejscach w tkance mi\u0119\u015bniowej i wi\u0119zad\u0142owej. Celem terapii jest uwolnienie si\u0119 od b\u00f3lu i poprawa zaburzonych wzorc\u00f3w ruchowych.<br>Kinesiotaping \u2013 polega na aplikacji na ciele, w \u015bci\u015ble okre\u015blony spos\u00f3b, specjalnych elastycznych plastr\u00f3w. Naklejony plaster jest \u017ar\u00f3d\u0142em bod\u017ac\u00f3w wy\u0142\u0105cznie mechanicznych (nie jest nas\u0105czony \u017cadnym lekiem) i w zale\u017cno\u015bci od sposobu i miejsca aplikacji, ma r\u00f3\u017cnorakie oddzia\u0142ywanie:<br>\u2981 przeciwobrz\u0119kowe &#8211;\u00a0 wspomaga odp\u0142ywu nadmiaru p\u0142ynu.<br>\u2981 wzmacniaj\u0105ce \u2013 oklejenie wzd\u0142u\u017c os\u0142abionych mi\u0119\u015bni wzmocni je i ustabilizuje.<br>\u2981 korekcyjne \u2013 prawid\u0142owe zastosowanie wp\u0142ynie na odci\u0105\u017cenie staw\u00f3w, mi\u0119\u015bni, urazu.<br>\u2981 odci\u0105\u017caj\u0105ce \u2013 oklejenie wp\u0142ynie na odci\u0105\u017cenie bol\u0105cego przyczepu mi\u0119\u015bniowego, napi\u0119tych mi\u0119\u015bni w okolicy stanu zapalnego, zmian zwyrodnieniowych.<br>\u0106wiczenia \u2013<br>Stabilizacyjne- \u0107wiczenia czucia g\u0142\u0119bokiego, wzmocnienie gorset\u00f3w mi\u0119\u015bniowych, poszczeg\u00f3lnych staw\u00f3w i okolic.<br>Wzmacniaj\u0105ce \u2013 przywr\u00f3cenie si\u0142y mi\u0119\u015bniowej, zwi\u0119kszenie masy mi\u0119\u015bniowej. Rozci\u0105gaj\u0105ce \u2013 rozlu\u017anienie poszczeg\u00f3lnych mi\u0119\u015bni, przywr\u00f3cenie pe\u0142nego zakresu ruchu, ukrwienie mi\u0119\u015bni i ich przyczep\u00f3w \u015bci\u0119gnistych.<br>Zabiegi fizykoterapeutyczne : (zabiegi nie s\u0105 wykonywane pojedy\u0144czo, s\u0105 uzupe\u0142nieniem terapii kompleksowej)<br>\u2981 Elektroterapia \u2013 pr\u0105dy TENS(dzia\u0142anie przeciwb\u00f3lowe, przekrwienne, od\u017cywcze), Jonoforeza (dzia\u0142anie przeciwzapalne), Galwanizacja (dzia\u0142anie pobudzaj\u0105ce), Interferencja (dzia\u0142anie przeciwobrz\u0119kowe), pr\u0105dy KOTZA (\u00a0dzia\u0142anie wzmacniaj\u0105ce), Diadynamik (dzia\u0142anie przeciwb\u00f3lowe, przeciwzapalne)- 15 min.<br>\u2981 Laseroterapia \u2013 5min \u2013 dzia\u0142anie regeneracyjne, odbudowuj\u0105ce, poprawiaj\u0105ce ukrwienie, przeciwb\u00f3lowe.<br>\u2981 Ultrad\u017awi\u0119ki \u2013 5min \u2013 dzia\u0142anie przeciwobrz\u0119kowe, przeciwzapalne, rozlu\u017aniaj\u0105ce, poprawiaj\u0105ce ukrwienie, maj\u0105ce wp\u0142yw na rozbicie zw\u0142\u00f3knie\u0144.<br>\u2981 Krioterapia \u2013 do 4min na jedn\u0105 okolic\u0119 \u2013 kr\u00f3tkotrwa\u0142y bodziec zimnem wp\u0142ywa na skurcz naczy\u0144 powierzchownych i rozkurcz naczy\u0144 g\u0142\u0119biej po\u0142o\u017conych, co wp\u0142ywa na ukrwienie w\u0142\u00f3kien i powierzchni g\u0142\u0119biej po\u0142o\u017conych. Ma dzia\u0142anie od\u017cywcze, poprawiaj\u0105ce ukrwienie, przeciwb\u00f3lowe i przeciwzapalne.<br>\u2981 Magnetoterapia \u2013 od 20 min- wspomaga gojenie i regeneracj\u0119 ( mi\u0119\u015bni, ko\u015bci, wi\u0119zade\u0142) po urazie.<\/p>\n","protected":false},"excerpt":{"rendered":"<p>Gabinet Rehabilitacji oferuje Do pa\u0144stwa dyspozycji jest gabinet w Szczecinie na ulicy Czorszty\u0144skiej 53. W gabinecie, s\u0105 po trzy pomieszczenia z wyposa\u017ceniem w zabiegi fizykoterapeutyczne, specjalistyczne sto\u0142y do terapii i masa\u017cu, oraz miejsce na \u0107wiczenia. Zapewniamy te\u017c odpowiedni\u0105 ilo\u015b\u0107 fizjoterapeut\u00f3w by pomoc by\u0142a jak najszybciej, czyli czas oczekiwania maksymalnie do 7dni dni. Nasz gabinet rehabilitacji &hellip; <\/p>\n<p class=\"link-more\"><a href=\"https:\/\/twojarehabilitacja.com\/index.php\/strona-glowna\/\" class=\"more-link\">Czytaj dalej<span class=\"screen-reader-text\"> Oferta<\/span><\/a><\/p>\n","protected":false},"author":1,"featured_media":0,"parent":0,"menu_order":0,"comment_status":"closed","ping_status":"closed","template":"","meta":[],"_links":{"self":[{"href":"https:\/\/twojarehabilitacja.com\/index.php\/wp-json\/wp\/v2\/pages\/60"}],"collection":[{"href":"https:\/\/twojarehabilitacja.com\/index.php\/wp-json\/wp\/v2\/pages"}],"about":[{"href":"https:\/\/twojarehabilitacja.com\/index.php\/wp-json\/wp\/v2\/types\/page"}],"author":[{"embeddable":true,"href":"https:\/\/twojarehabilitacja.com\/index.php\/wp-json\/wp\/v2\/users\/1"}],"replies":[{"embeddable":true,"href":"https:\/\/twojarehabilitacja.com\/index.php\/wp-json\/wp\/v2\/comments?post=60"}],"version-history":[{"count":6,"href":"https:\/\/twojarehabilitacja.com\/index.php\/wp-json\/wp\/v2\/pages\/60\/revisions"}],"predecessor-version":[{"id":178,"href":"https:\/\/twojarehabilitacja.com\/index.php\/wp-json\/wp\/v2\/pages\/60\/revisions\/178"}],"wp:attachment":[{"href":"https:\/\/twojarehabilitacja.com\/index.php\/wp-json\/wp\/v2\/media?parent=60"}],"curies":[{"name":"wp","href":"https:\/\/api.w.org\/{rel}","templated":true}]}}